{"id":120,"date":"2025-12-12T17:36:32","date_gmt":"2025-12-12T16:36:32","guid":{"rendered":"https:\/\/terraviva.cz\/?page_id=120"},"modified":"2025-12-12T17:42:14","modified_gmt":"2025-12-12T16:42:14","slug":"dokumenty","status":"publish","type":"page","link":"http:\/\/terraviva.cz\/index.php\/dokumenty\/","title":{"rendered":"Dokumenty"},"content":{"rendered":"<p>[et_pb_section fb_built=&#8220;1&#8243; _builder_version=&#8220;4.27.4&#8243; _module_preset=&#8220;default&#8220; global_colors_info=&#8220;{}&#8220;][et_pb_row _builder_version=&#8220;4.27.4&#8243; _module_preset=&#8220;default&#8220; global_colors_info=&#8220;{}&#8220;][et_pb_column type=&#8220;4_4&#8243; _builder_version=&#8220;4.27.4&#8243; _module_preset=&#8220;default&#8220; global_colors_info=&#8220;{}&#8220;][et_pb_icon font_icon=&#8220;&#xf1c1;||fa||400&#8243; url=&#8220;http:\/\/terraviva.cz\/wp-content\/uploads\/2025\/12\/Dolni-Oldris-kostel.pdf&#8220; url_new_window=&#8220;on&#8220; _builder_version=&#8220;4.27.4&#8243; _module_preset=&#8220;default&#8220; global_colors_info=&#8220;{}&#8220;][\/et_pb_icon][et_pb_text _builder_version=&#8220;4.27.4&#8243; _module_preset=&#8220;default&#8220; link_option_url=&#8220;http:\/\/terraviva.cz\/wp-content\/uploads\/2025\/12\/Dolni-Oldris-kostel.pdf&#8220; link_option_url_new_window=&#8220;on&#8220; hover_enabled=&#8220;0&#8243; global_colors_info=&#8220;{}&#8220; sticky_enabled=&#8220;0&#8243;]<\/p>\n<p style=\"text-align: center;\"><strong><a href=\"http:\/\/terraviva.cz\/wp-content\/uploads\/2025\/12\/Dolni-Oldris-kostel.pdf\" target=\"_blank\" rel=\"noopener\">N\u00e1vrh rozpo\u010dtu Stavebn\u011b historick\u00e9ho pr\u016fzkumu<\/a><\/strong><\/p>\n<p>[\/et_pb_text][\/et_pb_column][\/et_pb_row][\/et_pb_section]<\/p>\n","protected":false},"excerpt":{"rendered":"<p>N\u00e1vrh rozpo\u010dtu Stavebn\u011b historick\u00e9ho pr\u016fzkumu<\/p>\n","protected":false},"author":2,"featured_media":0,"parent":0,"menu_order":0,"comment_status":"closed","ping_status":"closed","template":"","meta":{"_et_pb_use_builder":"on","_et_pb_old_content":"","_et_gb_content_width":"","footnotes":""},"class_list":["post-120","page","type-page","status-publish","hentry"],"_links":{"self":[{"href":"http:\/\/terraviva.cz\/index.php\/wp-json\/wp\/v2\/pages\/120","targetHints":{"allow":["GET"]}}],"collection":[{"href":"http:\/\/terraviva.cz\/index.php\/wp-json\/wp\/v2\/pages"}],"about":[{"href":"http:\/\/terraviva.cz\/index.php\/wp-json\/wp\/v2\/types\/page"}],"author":[{"embeddable":true,"href":"http:\/\/terraviva.cz\/index.php\/wp-json\/wp\/v2\/users\/2"}],"replies":[{"embeddable":true,"href":"http:\/\/terraviva.cz\/index.php\/wp-json\/wp\/v2\/comments?post=120"}],"version-history":[{"count":5,"href":"http:\/\/terraviva.cz\/index.php\/wp-json\/wp\/v2\/pages\/120\/revisions"}],"predecessor-version":[{"id":128,"href":"http:\/\/terraviva.cz\/index.php\/wp-json\/wp\/v2\/pages\/120\/revisions\/128"}],"wp:attachment":[{"href":"http:\/\/terraviva.cz\/index.php\/wp-json\/wp\/v2\/media?parent=120"}],"curies":[{"name":"wp","href":"https:\/\/api.w.org\/{rel}","templated":true}]}}